{"id":75,"date":"2016-08-24T12:46:44","date_gmt":"2016-08-24T11:46:44","guid":{"rendered":"http:\/\/bindi-ayurveda.fr\/?page_id=75"},"modified":"2025-10-18T09:44:59","modified_gmt":"2025-10-18T08:44:59","slug":"yoga-ayurveda","status":"publish","type":"page","link":"https:\/\/bindi-ayurveda.fr\/index.php\/yoga-ayurveda\/","title":{"rendered":"Mon Parcours&#8230;.atypique"},"content":{"rendered":"<div id=\"pl-75\"  class=\"panel-layout\" ><div id=\"pg-75-0\"  class=\"panel-grid panel-no-style\" ><div id=\"pgc-75-0-0\"  class=\"panel-grid-cell\" ><div id=\"panel-75-0-0-0\" class=\"so-panel widget widget_sow-editor panel-first-child panel-last-child\" data-index=\"0\" ><div\n\t\t\t\n\t\t\tclass=\"so-widget-sow-editor so-widget-sow-editor-base\"\n\t\t\t\n\t\t><h3 class=\"widget-title\">Un parcours riche de rencontres et d'enseignements<\/h3>\n<div class=\"siteorigin-widget-tinymce textwidget\">\n\t<h6><img loading=\"lazy\" decoding=\"async\" class=\"wp-image-1871 size-medium alignleft\" src=\"http:\/\/bindi-ayurveda.fr\/wp-content\/uploads\/2022\/03\/IMG-20211013-WA0075-225x300.jpg\" alt=\"\" width=\"225\" height=\"300\" srcset=\"https:\/\/bindi-ayurveda.fr\/wp-content\/uploads\/2022\/03\/IMG-20211013-WA0075-225x300.jpg 225w, https:\/\/bindi-ayurveda.fr\/wp-content\/uploads\/2022\/03\/IMG-20211013-WA0075.jpg 768w\" sizes=\"auto, (max-width: 225px) 100vw, 225px\" \/>Formations :<\/h6>\n<ul>\n<li>TTC 200h <a href=\"https:\/\/sivanandaorleans.org\/fr\/\">Sivananda Orl\u00e9ans,<\/a> 50 h Yoga s\u00e9niors, 50h yoga personnes mobilit\u00e9 r\u00e9duite, 50h ajustement des postures<\/li>\n<li>TTC 200h <a href=\"http:\/\/www.patrickfrapeauyoga.fr\">Vinyasa Patrick Frapeau<\/a><\/li>\n<li>\u00a0Yoga des 12 bonheurs, <a href=\"https:\/\/www.chokhorling.com\">monast\u00e8re Chokor Ling - Davina Delor<\/a><\/li>\n<li>Dipl\u00f4me praticienne en Ayurveda Gaiaveda<\/li>\n<li>Certificat ayurveda pour les femmes, nutrition et marnas Dr Sankar, clinique Ayurtoday Inde.<\/li>\n<\/ul>\n<p style=\"text-align: justify;\">De formation initiale en communication, j'ai travaill\u00e9 pendant 20 ann\u00e9es dans le milieu de la communication et de l'informatique.\u00a0J'ai r\u00e9cemment d\u00e9cid\u00e9 de me consacrer \u00e0 la pratique du Yoga et de l'Ayurv\u00e9da car cela correspond davantage \u00e0 mes valeurs et mon parcours de vie actuel.<\/p>\n<p style=\"text-align: justify;\">Attir\u00e9e par les activit\u00e9s physiques artistiques et spirituelles depuis mon adolescence, j'ai \u00e9tudi\u00e9 la danse au conservatoire de La Rochelle. Mes rencontres m'ont d'abord tourn\u00e9es vers le Bouddhisme puis l'Ayurv\u00e9da et enfin de Yoga.<\/p>\n<p style=\"text-align: justify;\">J\u2019ai commenc\u00e9 \u00e0 m\u2019int\u00e9resser \u00e0 la m\u00e9decine ayurv\u00e9dique y a 12 ans quand je suis tomb\u00e9e malade. Cette maladie avait de fortes r\u00e9percussions sur mon corps et sur mon mental. Je cherchais une alternative pour m\u2019apaiser et me soigner. Je voulais aussi comprendre d\u2019ou venait ce d\u00e9s\u00e9quilibre si soudain. L\u2019approche holistique de l\u2019Ayurv\u00e9da me fournit des cl\u00e9s de compr\u00e9hension sur ma nature, ses forces et ses fragilit\u00e9s.<\/p>\n<p style=\"text-align: justify;\">Form\u00e9e en 2009 \u00e0 Tours, j\u2019ai compl\u00e9t\u00e9 mes connaissances en Inde, aupr\u00e8s du <a href=\"http:\/\/ayurtoday.com\/\" target=\"_blank\" rel=\"noopener\">Docteur Sankar en Inde (Kerala)<\/a> . J\u2019ai suivi 2 cures ayurv\u00e9diques ce qui me permet de connaitre l\u2019efficacit\u00e9 des soins. Aujourd'hui je propose des bilans de constitutions, des conseils et des massages ayurv\u00e9diques.<\/p>\n<p style=\"text-align: justify;\">En 2013, au monast\u00e8re de Chokor Ling, j'ai eu la chance de rencontrer <a href=\"http:\/\/www.chokhorling.com\/activites-chokhorling.html#ateliers-yoga\" target=\"_blank\" rel=\"noopener\">Davina Delor,<\/a> none boudhiste, ancienne danseuse, experte en m\u00e9decine chinoise, yoga et Qi Gong. Elle m'a form\u00e9 au <a href=\"http:\/\/bindi-ayurveda.fr\/index.php\/yoga-et-qi-gong-a-tours\/\" target=\"_blank\" rel=\"noopener\">Yoga des 12 bonheurs<\/a>; yoga qui m\u00eale Qi Gong et Yoga traditionnel, pour former un yoga cr\u00e9atif et comportementaliste en musique tr\u00e8s inspirant et esth\u00e9tique.<\/p>\n<p style=\"text-align: justify;\"><img loading=\"lazy\" decoding=\"async\" class=\"wp-image-1846 size-medium alignright\" src=\"http:\/\/bindi-ayurveda.fr\/wp-content\/uploads\/2022\/03\/8ffe2ffceaa844dedd35a0c9bd7c495e-300x199.jpg\" alt=\"Sandrine marsillaud Ganault\" width=\"300\" height=\"199\" srcset=\"https:\/\/bindi-ayurveda.fr\/wp-content\/uploads\/2022\/03\/8ffe2ffceaa844dedd35a0c9bd7c495e-300x199.jpg 300w, https:\/\/bindi-ayurveda.fr\/wp-content\/uploads\/2022\/03\/8ffe2ffceaa844dedd35a0c9bd7c495e.jpg 548w\" sizes=\"auto, (max-width: 300px) 100vw, 300px\" \/>Pratiquante de Hatha Yoga depuis de nombreuses ann\u00e9es, j'ai eu plusieurs professeurs que je remercie pour leur d\u00e9vouement. Pratiquant le Yoga depuis 5 ans, j'ai trouv\u00e9 un yoga qui me correspondait, alliant, travail posturale et relaxation mais aussi m\u00e9ditation. Voulant me consacrer uniquement \u00e0 la pratique de l'Ayurv\u00e9da et du Yoga, et encourag\u00e9e par mes professeurs, j'ai suivi la formation TTC Sivananda en 2016 et suis \u00e0 pr\u00e9sent Dipl\u00f4m\u00e9e Yoga Siromani de la Vedanta Forest Academy.<\/p>\n<p style=\"text-align: justify;\">En juillet 2017, j'ai compl\u00e9t\u00e9 ma formation initiale par une formation sp\u00e9cifique <a href=\"http:\/\/accessibleyoga.org\/index.html\" target=\"_blank\" rel=\"noopener\">Yoga Accessible<\/a>, Yoga pour tous, sur chaise, sur un lit, avec des accessoires destin\u00e9 aux personnes \u00e0 mobilit\u00e9 r\u00e9duite due \u00e0 un handicap ou une blessure.<\/p>\n<blockquote>\n<h5><em><strong>Nous sommes toujours en train d'apprendre sur ce chemin passionnant du Yoga et de l'Ayurv\u00e9da....et je suis ravie d'avoir l'opportunit\u00e9 de vous faire partager mes connaissances.<\/strong><\/em><\/h5>\n<\/blockquote>\n<p><a href=\"mailto:sganault@hotmail.com\" class=\"btn button btn-shortcode kad-btn kad-btn-primary\" id=\"kadbtn503\" target=\"_self\" style=\"color:#FFF;\">Contactez moi<\/a><\/p>\n<p><span style=\"border-radius: 2px; text-indent: 20px; width: auto; padding: 0px 4px 0px 0px; text-align: center; font: bold 11px\/20px 'Helvetica Neue',Helvetica,sans-serif; color: #ffffff; background: #bd081c no-repeat scroll 3px 50% \/ 14px 14px; position: absolute; opacity: 1; z-index: 8675309; display: none; cursor: pointer;\">Enregistrer<\/span><\/p>\n<p><span style=\"border-radius: 2px; text-indent: 20px; width: auto; padding: 0px 4px 0px 0px; text-align: center; font: bold 11px\/20px 'Helvetica Neue',Helvetica,sans-serif; color: #ffffff; background: #bd081c no-repeat scroll 3px 50% \/ 14px 14px; position: absolute; opacity: 1; z-index: 8675309; display: none; cursor: pointer; top: 27px; left: 688px;\">Enregistrer<\/span><\/p>\n<\/div>\n<\/div><\/div><\/div><\/div><\/div>","protected":false},"excerpt":{"rendered":"<p>Formations : TTC 200h Sivananda Orl\u00e9ans, 50 h Yoga s\u00e9niors, 50h yoga personnes mobilit\u00e9 r\u00e9duite, 50h ajustement des postures TTC 200h Vinyasa Patrick Frapeau \u00a0Yoga des 12 bonheurs, monast\u00e8re Chokor Ling &#8211; Davina Delor Dipl\u00f4me praticienne en Ayurveda Gaiaveda Certificat ayurveda pour les femmes, nutrition et marnas Dr Sankar, clinique Ayurtoday Inde. De formation initiale <a class=\"read-more\" href=\"https:\/\/bindi-ayurveda.fr\/index.php\/yoga-ayurveda\/\">READ MORE<\/a><\/p>\n","protected":false},"author":1,"featured_media":933,"parent":0,"menu_order":0,"comment_status":"closed","ping_status":"closed","template":"template-full-width.php","meta":{"_exactmetrics_skip_tracking":false,"_exactmetrics_sitenote_active":false,"_exactmetrics_sitenote_note":"","_exactmetrics_sitenote_category":0,"footnotes":""},"class_list":["post-75","page","type-page","status-publish","has-post-thumbnail","hentry"],"yoast_head":"<!-- This site is optimized with the Yoast SEO plugin v27.4 - https:\/\/yoast.com\/product\/yoast-seo-wordpress\/ -->\n<title>Enseignante Yoga et praticienne en Ayurv\u00e9da<\/title>\n<meta name=\"description\" content=\"Enseignante Yoga et praticienne en Ayurveda. Dipl\u00f4m\u00e9e de l&#039;\u00e9cole Sivananda, Form\u00e9e \u00e0 l&#039;Ayurv\u00e9da en France et en Inde.\" \/>\n<meta name=\"robots\" content=\"index, follow, max-snippet:-1, max-image-preview:large, max-video-preview:-1\" \/>\n<link rel=\"canonical\" href=\"https:\/\/bindi-ayurveda.fr\/index.php\/yoga-ayurveda\/\" \/>\n<meta property=\"og:locale\" content=\"fr_FR\" \/>\n<meta property=\"og:type\" content=\"article\" \/>\n<meta property=\"og:title\" content=\"Enseignante Yoga et praticienne en Ayurv\u00e9da\" \/>\n<meta property=\"og:description\" content=\"Enseignante Yoga et praticienne en Ayurveda. Dipl\u00f4m\u00e9e de l&#039;\u00e9cole Sivananda, Form\u00e9e \u00e0 l&#039;Ayurv\u00e9da en France et en Inde.\" \/>\n<meta property=\"og:url\" content=\"https:\/\/bindi-ayurveda.fr\/index.php\/yoga-ayurveda\/\" \/>\n<meta property=\"og:site_name\" content=\"Happyogi\" \/>\n<meta property=\"article:publisher\" content=\"https:\/\/www.facebook.com\/Happyogi-Yoga-Ayurv%c3%a9da-252157024823789\/\" \/>\n<meta property=\"article:modified_time\" content=\"2025-10-18T08:44:59+00:00\" \/>\n<meta property=\"og:image\" content=\"https:\/\/bindi-ayurveda.fr\/wp-content\/uploads\/2019\/09\/IMG-20190730-WA0072.jpg\" \/>\n\t<meta property=\"og:image:width\" content=\"768\" \/>\n\t<meta property=\"og:image:height\" content=\"1024\" \/>\n\t<meta property=\"og:image:type\" content=\"image\/jpeg\" \/>\n<meta name=\"twitter:card\" content=\"summary_large_image\" \/>\n<meta name=\"twitter:label1\" content=\"Dur\u00e9e de lecture estim\u00e9e\" \/>\n\t<meta name=\"twitter:data1\" content=\"3 minutes\" \/>\n<script type=\"application\/ld+json\" class=\"yoast-schema-graph\">{\"@context\":\"https:\\\/\\\/schema.org\",\"@graph\":[{\"@type\":\"WebPage\",\"@id\":\"https:\\\/\\\/bindi-ayurveda.fr\\\/index.php\\\/yoga-ayurveda\\\/\",\"url\":\"https:\\\/\\\/bindi-ayurveda.fr\\\/index.php\\\/yoga-ayurveda\\\/\",\"name\":\"Enseignante Yoga et praticienne en Ayurv\u00e9da\",\"isPartOf\":{\"@id\":\"http:\\\/\\\/bindi-ayurveda.fr\\\/#website\"},\"primaryImageOfPage\":{\"@id\":\"https:\\\/\\\/bindi-ayurveda.fr\\\/index.php\\\/yoga-ayurveda\\\/#primaryimage\"},\"image\":{\"@id\":\"https:\\\/\\\/bindi-ayurveda.fr\\\/index.php\\\/yoga-ayurveda\\\/#primaryimage\"},\"thumbnailUrl\":\"https:\\\/\\\/bindi-ayurveda.fr\\\/wp-content\\\/uploads\\\/2019\\\/09\\\/IMG-20190730-WA0072.jpg\",\"datePublished\":\"2016-08-24T11:46:44+00:00\",\"dateModified\":\"2025-10-18T08:44:59+00:00\",\"description\":\"Enseignante Yoga et praticienne en Ayurveda. Dipl\u00f4m\u00e9e de l'\u00e9cole Sivananda, Form\u00e9e \u00e0 l'Ayurv\u00e9da en France et en Inde.\",\"breadcrumb\":{\"@id\":\"https:\\\/\\\/bindi-ayurveda.fr\\\/index.php\\\/yoga-ayurveda\\\/#breadcrumb\"},\"inLanguage\":\"fr-FR\",\"potentialAction\":[{\"@type\":\"ReadAction\",\"target\":[\"https:\\\/\\\/bindi-ayurveda.fr\\\/index.php\\\/yoga-ayurveda\\\/\"]}]},{\"@type\":\"ImageObject\",\"inLanguage\":\"fr-FR\",\"@id\":\"https:\\\/\\\/bindi-ayurveda.fr\\\/index.php\\\/yoga-ayurveda\\\/#primaryimage\",\"url\":\"https:\\\/\\\/bindi-ayurveda.fr\\\/wp-content\\\/uploads\\\/2019\\\/09\\\/IMG-20190730-WA0072.jpg\",\"contentUrl\":\"https:\\\/\\\/bindi-ayurveda.fr\\\/wp-content\\\/uploads\\\/2019\\\/09\\\/IMG-20190730-WA0072.jpg\",\"width\":768,\"height\":1024,\"caption\":\"yoga-ladakh\"},{\"@type\":\"BreadcrumbList\",\"@id\":\"https:\\\/\\\/bindi-ayurveda.fr\\\/index.php\\\/yoga-ayurveda\\\/#breadcrumb\",\"itemListElement\":[{\"@type\":\"ListItem\",\"position\":1,\"name\":\"Accueil\",\"item\":\"http:\\\/\\\/bindi-ayurveda.fr\\\/\"},{\"@type\":\"ListItem\",\"position\":2,\"name\":\"Mon Parcours&#8230;.atypique\"}]},{\"@type\":\"WebSite\",\"@id\":\"http:\\\/\\\/bindi-ayurveda.fr\\\/#website\",\"url\":\"http:\\\/\\\/bindi-ayurveda.fr\\\/\",\"name\":\"Happyogi\",\"description\":\"YOGA - AYURVEDA - MUNZ FLOOR - WUOTAI OSTEO\",\"publisher\":{\"@id\":\"http:\\\/\\\/bindi-ayurveda.fr\\\/#organization\"},\"alternateName\":\"YOGA - AYURVEDA - MUNZ FLOOR - WUOTAI OSTEO\",\"potentialAction\":[{\"@type\":\"SearchAction\",\"target\":{\"@type\":\"EntryPoint\",\"urlTemplate\":\"http:\\\/\\\/bindi-ayurveda.fr\\\/?s={search_term_string}\"},\"query-input\":{\"@type\":\"PropertyValueSpecification\",\"valueRequired\":true,\"valueName\":\"search_term_string\"}}],\"inLanguage\":\"fr-FR\"},{\"@type\":\"Organization\",\"@id\":\"http:\\\/\\\/bindi-ayurveda.fr\\\/#organization\",\"name\":\"HAPPYOGI\",\"alternateName\":\"YOGA - AYURVEDA - MUNZ FLOOR - WUOTAI OSTEO\",\"url\":\"http:\\\/\\\/bindi-ayurveda.fr\\\/\",\"logo\":{\"@type\":\"ImageObject\",\"inLanguage\":\"fr-FR\",\"@id\":\"http:\\\/\\\/bindi-ayurveda.fr\\\/#\\\/schema\\\/logo\\\/image\\\/\",\"url\":\"https:\\\/\\\/bindi-ayurveda.fr\\\/wp-content\\\/uploads\\\/2022\\\/07\\\/cropped-logo-orange-petit-4.png\",\"contentUrl\":\"https:\\\/\\\/bindi-ayurveda.fr\\\/wp-content\\\/uploads\\\/2022\\\/07\\\/cropped-logo-orange-petit-4.png\",\"width\":199,\"height\":116,\"caption\":\"HAPPYOGI\"},\"image\":{\"@id\":\"http:\\\/\\\/bindi-ayurveda.fr\\\/#\\\/schema\\\/logo\\\/image\\\/\"},\"sameAs\":[\"https:\\\/\\\/www.facebook.com\\\/Happyogi-Yoga-Ayurv\u00e9da-252157024823789\\\/\"]}]}<\/script>\n<!-- \/ Yoast SEO plugin. -->","yoast_head_json":{"title":"Enseignante Yoga et praticienne en Ayurv\u00e9da","description":"Enseignante Yoga et praticienne en Ayurveda. Dipl\u00f4m\u00e9e de l'\u00e9cole Sivananda, Form\u00e9e \u00e0 l'Ayurv\u00e9da en France et en Inde.","robots":{"index":"index","follow":"follow","max-snippet":"max-snippet:-1","max-image-preview":"max-image-preview:large","max-video-preview":"max-video-preview:-1"},"canonical":"https:\/\/bindi-ayurveda.fr\/index.php\/yoga-ayurveda\/","og_locale":"fr_FR","og_type":"article","og_title":"Enseignante Yoga et praticienne en Ayurv\u00e9da","og_description":"Enseignante Yoga et praticienne en Ayurveda. Dipl\u00f4m\u00e9e de l'\u00e9cole Sivananda, Form\u00e9e \u00e0 l'Ayurv\u00e9da en France et en Inde.","og_url":"https:\/\/bindi-ayurveda.fr\/index.php\/yoga-ayurveda\/","og_site_name":"Happyogi","article_publisher":"https:\/\/www.facebook.com\/Happyogi-Yoga-Ayurv%c3%a9da-252157024823789\/","article_modified_time":"2025-10-18T08:44:59+00:00","og_image":[{"width":768,"height":1024,"url":"https:\/\/bindi-ayurveda.fr\/wp-content\/uploads\/2019\/09\/IMG-20190730-WA0072.jpg","type":"image\/jpeg"}],"twitter_card":"summary_large_image","twitter_misc":{"Dur\u00e9e de lecture estim\u00e9e":"3 minutes"},"schema":{"@context":"https:\/\/schema.org","@graph":[{"@type":"WebPage","@id":"https:\/\/bindi-ayurveda.fr\/index.php\/yoga-ayurveda\/","url":"https:\/\/bindi-ayurveda.fr\/index.php\/yoga-ayurveda\/","name":"Enseignante Yoga et praticienne en Ayurv\u00e9da","isPartOf":{"@id":"http:\/\/bindi-ayurveda.fr\/#website"},"primaryImageOfPage":{"@id":"https:\/\/bindi-ayurveda.fr\/index.php\/yoga-ayurveda\/#primaryimage"},"image":{"@id":"https:\/\/bindi-ayurveda.fr\/index.php\/yoga-ayurveda\/#primaryimage"},"thumbnailUrl":"https:\/\/bindi-ayurveda.fr\/wp-content\/uploads\/2019\/09\/IMG-20190730-WA0072.jpg","datePublished":"2016-08-24T11:46:44+00:00","dateModified":"2025-10-18T08:44:59+00:00","description":"Enseignante Yoga et praticienne en Ayurveda. Dipl\u00f4m\u00e9e de l'\u00e9cole Sivananda, Form\u00e9e \u00e0 l'Ayurv\u00e9da en France et en Inde.","breadcrumb":{"@id":"https:\/\/bindi-ayurveda.fr\/index.php\/yoga-ayurveda\/#breadcrumb"},"inLanguage":"fr-FR","potentialAction":[{"@type":"ReadAction","target":["https:\/\/bindi-ayurveda.fr\/index.php\/yoga-ayurveda\/"]}]},{"@type":"ImageObject","inLanguage":"fr-FR","@id":"https:\/\/bindi-ayurveda.fr\/index.php\/yoga-ayurveda\/#primaryimage","url":"https:\/\/bindi-ayurveda.fr\/wp-content\/uploads\/2019\/09\/IMG-20190730-WA0072.jpg","contentUrl":"https:\/\/bindi-ayurveda.fr\/wp-content\/uploads\/2019\/09\/IMG-20190730-WA0072.jpg","width":768,"height":1024,"caption":"yoga-ladakh"},{"@type":"BreadcrumbList","@id":"https:\/\/bindi-ayurveda.fr\/index.php\/yoga-ayurveda\/#breadcrumb","itemListElement":[{"@type":"ListItem","position":1,"name":"Accueil","item":"http:\/\/bindi-ayurveda.fr\/"},{"@type":"ListItem","position":2,"name":"Mon Parcours&#8230;.atypique"}]},{"@type":"WebSite","@id":"http:\/\/bindi-ayurveda.fr\/#website","url":"http:\/\/bindi-ayurveda.fr\/","name":"Happyogi","description":"YOGA - AYURVEDA - MUNZ FLOOR - WUOTAI OSTEO","publisher":{"@id":"http:\/\/bindi-ayurveda.fr\/#organization"},"alternateName":"YOGA - AYURVEDA - MUNZ FLOOR - WUOTAI OSTEO","potentialAction":[{"@type":"SearchAction","target":{"@type":"EntryPoint","urlTemplate":"http:\/\/bindi-ayurveda.fr\/?s={search_term_string}"},"query-input":{"@type":"PropertyValueSpecification","valueRequired":true,"valueName":"search_term_string"}}],"inLanguage":"fr-FR"},{"@type":"Organization","@id":"http:\/\/bindi-ayurveda.fr\/#organization","name":"HAPPYOGI","alternateName":"YOGA - AYURVEDA - MUNZ FLOOR - WUOTAI OSTEO","url":"http:\/\/bindi-ayurveda.fr\/","logo":{"@type":"ImageObject","inLanguage":"fr-FR","@id":"http:\/\/bindi-ayurveda.fr\/#\/schema\/logo\/image\/","url":"https:\/\/bindi-ayurveda.fr\/wp-content\/uploads\/2022\/07\/cropped-logo-orange-petit-4.png","contentUrl":"https:\/\/bindi-ayurveda.fr\/wp-content\/uploads\/2022\/07\/cropped-logo-orange-petit-4.png","width":199,"height":116,"caption":"HAPPYOGI"},"image":{"@id":"http:\/\/bindi-ayurveda.fr\/#\/schema\/logo\/image\/"},"sameAs":["https:\/\/www.facebook.com\/Happyogi-Yoga-Ayurv\u00e9da-252157024823789\/"]}]}},"_links":{"self":[{"href":"https:\/\/bindi-ayurveda.fr\/index.php\/wp-json\/wp\/v2\/pages\/75","targetHints":{"allow":["GET"]}}],"collection":[{"href":"https:\/\/bindi-ayurveda.fr\/index.php\/wp-json\/wp\/v2\/pages"}],"about":[{"href":"https:\/\/bindi-ayurveda.fr\/index.php\/wp-json\/wp\/v2\/types\/page"}],"author":[{"embeddable":true,"href":"https:\/\/bindi-ayurveda.fr\/index.php\/wp-json\/wp\/v2\/users\/1"}],"replies":[{"embeddable":true,"href":"https:\/\/bindi-ayurveda.fr\/index.php\/wp-json\/wp\/v2\/comments?post=75"}],"version-history":[{"count":40,"href":"https:\/\/bindi-ayurveda.fr\/index.php\/wp-json\/wp\/v2\/pages\/75\/revisions"}],"predecessor-version":[{"id":3387,"href":"https:\/\/bindi-ayurveda.fr\/index.php\/wp-json\/wp\/v2\/pages\/75\/revisions\/3387"}],"wp:featuredmedia":[{"embeddable":true,"href":"https:\/\/bindi-ayurveda.fr\/index.php\/wp-json\/wp\/v2\/media\/933"}],"wp:attachment":[{"href":"https:\/\/bindi-ayurveda.fr\/index.php\/wp-json\/wp\/v2\/media?parent=75"}],"curies":[{"name":"wp","href":"https:\/\/api.w.org\/{rel}","templated":true}]}}