{"id":32,"date":"2020-08-24T07:09:00","date_gmt":"2020-08-24T06:09:00","guid":{"rendered":"http:\/\/bindi-ayurveda.fr\/?page_id=32"},"modified":"2025-12-28T14:02:56","modified_gmt":"2025-12-28T13:02:56","slug":"cours-et-tarifs-yoga-munz-wuotai-mont-blanc","status":"publish","type":"page","link":"https:\/\/bindi-ayurveda.fr\/index.php\/cours-et-tarifs-yoga-munz-wuotai-mont-blanc\/","title":{"rendered":"Cours et Tarifs"},"content":{"rendered":"\n<h5 class=\"wp-block-heading\"><a href=\"https:\/\/bindi-ayurveda.fr\/index.php\/cours-de-yoga-haute-savoie-mont-blanc\/\">YOGA<\/a> Cours collectifs<\/h5>\n\n\n\n<figure class=\"wp-block-table alignfull is-style-regular\"><table class=\"has-text-color has-background has-fixed-layout\" style=\"color:#7b5e0f;background-color:#fcb90012\"><tbody><tr><td><strong>CLUSES (74)<\/strong><br>Univers soi, 310 rue des iles 74290 Cluses<\/td><\/tr><tr><td><strong>Mercredi<\/strong><br>16h30-17h45 : Hatha doux, d\u00e9butants, s\u00e9niors, femmes enceinte&#8230;Adapt\u00e9 \u00e0 une pratique pour toute personne qui cherche \u00e0 retrouver de la mobilit\u00e9 en douceur. Adaptation en fonction des blessures, femmes enceintes, s\u00e9niors<br><br>18h15- 19h45 : Hatha tous niveaux<br>Une s\u00e9ance pour les personnes ayant d\u00e9j\u00e0 pratiqu\u00e9 avec un peu moins d&rsquo;adaptation que dans le premier cours.<br><br>Dans les 2 approches, nous apprendrons les respirations yogiques, quelques mantras et aborderons la philosophie du yoga, afin que la pratique ne soit pas uniquement corporelle.<\/td><\/tr><tr><td>15 \u20ac s\u00e9ance &#8211; 130 \u20ac carte de 10. <br>Essai 15 euros<br><strong>Inscriptions au 06 87 99 04 24<\/strong><\/td><\/tr><\/tbody><\/table><\/figure>\n\n\n\n<h5 class=\"wp-block-heading\">Cours individuels, petits groupes<\/h5>\n\n\n\n<p>Les cours individuels sont personnalis\u00e9s et durent entre 1h15 et 1h30.<br>60\u20ac pour 1 ou 2 personnes, 10\u20ac\/ personne en plus<br>Sur demande je vous propose une <a href=\"http:\/\/bindi-ayurveda.fr\/index.php\/massage-ayurvedique\/\">approche ayurv\u00e9dique<\/a> afin de cibler votre demande et votre pratique, conseil alimentaire, routine&#8230;sur rdv<\/p>\n\n\n\n<p>Vous aimeriez organiser des cours collectifs au sein de votre entreprise, collectivit\u00e9s ou autre groupe de mani\u00e8re r\u00e9guli\u00e8re ou exceptionnelle, en fonction du nombre de personne et de votre budget, nous \u00e9tudierons le prix de cette prestation. En g\u00e9n\u00e9ral 15 euros par personnes plus frais de d\u00e9placement.<\/p>\n\n\n\n<p> <\/p>\n\n\n","protected":false},"excerpt":{"rendered":"<p>YOGA Cours collectifs CLUSES (74)Univers soi, 310 rue des iles 74290 Cluses Mercredi16h30-17h45 : Hatha doux, d\u00e9butants, s\u00e9niors, femmes enceinte&#8230;Adapt\u00e9 \u00e0 une pratique pour toute personne qui cherche \u00e0 retrouver de la mobilit\u00e9 en douceur. Adaptation en fonction des blessures, femmes enceintes, s\u00e9niors 18h15- 19h45 : Hatha tous niveauxUne s\u00e9ance pour les personnes ayant d\u00e9j\u00e0 <a class=\"read-more\" href=\"https:\/\/bindi-ayurveda.fr\/index.php\/cours-et-tarifs-yoga-munz-wuotai-mont-blanc\/\">READ MORE<\/a><\/p>\n","protected":false},"author":1,"featured_media":1772,"parent":0,"menu_order":0,"comment_status":"closed","ping_status":"closed","template":"template-full-width.php","meta":{"_exactmetrics_skip_tracking":false,"_exactmetrics_sitenote_active":false,"_exactmetrics_sitenote_note":"","_exactmetrics_sitenote_category":0,"footnotes":""},"class_list":["post-32","page","type-page","status-publish","has-post-thumbnail","hentry"],"yoast_head":"<!-- This site is optimized with the Yoast SEO plugin v27.4 - https:\/\/yoast.com\/product\/yoast-seo-wordpress\/ -->\n<title>Cours de YOGA, MUNZ FLOOR et WUO TAI<\/title>\n<meta name=\"description\" content=\"Cours de Yoga MUNZ FLOOR et WUO TAI collectifs, particuliers, entreprises, associations, s\u00e9jours, retraites pour tous les publics.\" \/>\n<meta name=\"robots\" content=\"index, follow, max-snippet:-1, max-image-preview:large, max-video-preview:-1\" \/>\n<link rel=\"canonical\" href=\"https:\/\/bindi-ayurveda.fr\/index.php\/cours-et-tarifs-yoga-munz-wuotai-mont-blanc\/\" \/>\n<meta property=\"og:locale\" content=\"fr_FR\" \/>\n<meta property=\"og:type\" content=\"article\" \/>\n<meta property=\"og:title\" content=\"Cours de YOGA, MUNZ FLOOR et WUO TAI\" \/>\n<meta property=\"og:description\" content=\"Cours de Yoga MUNZ FLOOR et WUO TAI collectifs, particuliers, entreprises, associations, s\u00e9jours, retraites pour tous les publics.\" \/>\n<meta property=\"og:url\" content=\"https:\/\/bindi-ayurveda.fr\/index.php\/cours-et-tarifs-yoga-munz-wuotai-mont-blanc\/\" \/>\n<meta property=\"og:site_name\" content=\"Happyogi\" \/>\n<meta property=\"article:publisher\" content=\"https:\/\/www.facebook.com\/Happyogi-Yoga-Ayurv%c3%a9da-252157024823789\/\" \/>\n<meta property=\"article:modified_time\" content=\"2025-12-28T13:02:56+00:00\" \/>\n<meta property=\"og:image\" content=\"https:\/\/bindi-ayurveda.fr\/wp-content\/uploads\/2022\/03\/20220219_144746.png\" \/>\n\t<meta property=\"og:image:width\" content=\"960\" \/>\n\t<meta property=\"og:image:height\" content=\"960\" \/>\n\t<meta property=\"og:image:type\" content=\"image\/png\" \/>\n<meta name=\"twitter:card\" content=\"summary_large_image\" \/>\n<meta name=\"twitter:label1\" content=\"Dur\u00e9e de lecture estim\u00e9e\" \/>\n\t<meta name=\"twitter:data1\" content=\"2 minutes\" \/>\n<script type=\"application\/ld+json\" class=\"yoast-schema-graph\">{\"@context\":\"https:\\\/\\\/schema.org\",\"@graph\":[{\"@type\":\"WebPage\",\"@id\":\"https:\\\/\\\/bindi-ayurveda.fr\\\/index.php\\\/cours-et-tarifs-yoga-munz-wuotai-mont-blanc\\\/\",\"url\":\"https:\\\/\\\/bindi-ayurveda.fr\\\/index.php\\\/cours-et-tarifs-yoga-munz-wuotai-mont-blanc\\\/\",\"name\":\"Cours de YOGA, MUNZ FLOOR et WUO TAI\",\"isPartOf\":{\"@id\":\"http:\\\/\\\/bindi-ayurveda.fr\\\/#website\"},\"primaryImageOfPage\":{\"@id\":\"https:\\\/\\\/bindi-ayurveda.fr\\\/index.php\\\/cours-et-tarifs-yoga-munz-wuotai-mont-blanc\\\/#primaryimage\"},\"image\":{\"@id\":\"https:\\\/\\\/bindi-ayurveda.fr\\\/index.php\\\/cours-et-tarifs-yoga-munz-wuotai-mont-blanc\\\/#primaryimage\"},\"thumbnailUrl\":\"https:\\\/\\\/bindi-ayurveda.fr\\\/wp-content\\\/uploads\\\/2022\\\/03\\\/20220219_144746.png\",\"datePublished\":\"2020-08-24T06:09:00+00:00\",\"dateModified\":\"2025-12-28T13:02:56+00:00\",\"description\":\"Cours de Yoga MUNZ FLOOR et WUO TAI collectifs, particuliers, entreprises, associations, s\u00e9jours, retraites pour tous les publics.\",\"breadcrumb\":{\"@id\":\"https:\\\/\\\/bindi-ayurveda.fr\\\/index.php\\\/cours-et-tarifs-yoga-munz-wuotai-mont-blanc\\\/#breadcrumb\"},\"inLanguage\":\"fr-FR\",\"potentialAction\":[{\"@type\":\"ReadAction\",\"target\":[\"https:\\\/\\\/bindi-ayurveda.fr\\\/index.php\\\/cours-et-tarifs-yoga-munz-wuotai-mont-blanc\\\/\"]}]},{\"@type\":\"ImageObject\",\"inLanguage\":\"fr-FR\",\"@id\":\"https:\\\/\\\/bindi-ayurveda.fr\\\/index.php\\\/cours-et-tarifs-yoga-munz-wuotai-mont-blanc\\\/#primaryimage\",\"url\":\"https:\\\/\\\/bindi-ayurveda.fr\\\/wp-content\\\/uploads\\\/2022\\\/03\\\/20220219_144746.png\",\"contentUrl\":\"https:\\\/\\\/bindi-ayurveda.fr\\\/wp-content\\\/uploads\\\/2022\\\/03\\\/20220219_144746.png\",\"width\":960,\"height\":960},{\"@type\":\"BreadcrumbList\",\"@id\":\"https:\\\/\\\/bindi-ayurveda.fr\\\/index.php\\\/cours-et-tarifs-yoga-munz-wuotai-mont-blanc\\\/#breadcrumb\",\"itemListElement\":[{\"@type\":\"ListItem\",\"position\":1,\"name\":\"Accueil\",\"item\":\"http:\\\/\\\/bindi-ayurveda.fr\\\/\"},{\"@type\":\"ListItem\",\"position\":2,\"name\":\"Cours et Tarifs\"}]},{\"@type\":\"WebSite\",\"@id\":\"http:\\\/\\\/bindi-ayurveda.fr\\\/#website\",\"url\":\"http:\\\/\\\/bindi-ayurveda.fr\\\/\",\"name\":\"Happyogi\",\"description\":\"YOGA - AYURVEDA - MUNZ FLOOR - WUOTAI OSTEO\",\"publisher\":{\"@id\":\"http:\\\/\\\/bindi-ayurveda.fr\\\/#organization\"},\"alternateName\":\"YOGA - AYURVEDA - MUNZ FLOOR - WUOTAI OSTEO\",\"potentialAction\":[{\"@type\":\"SearchAction\",\"target\":{\"@type\":\"EntryPoint\",\"urlTemplate\":\"http:\\\/\\\/bindi-ayurveda.fr\\\/?s={search_term_string}\"},\"query-input\":{\"@type\":\"PropertyValueSpecification\",\"valueRequired\":true,\"valueName\":\"search_term_string\"}}],\"inLanguage\":\"fr-FR\"},{\"@type\":\"Organization\",\"@id\":\"http:\\\/\\\/bindi-ayurveda.fr\\\/#organization\",\"name\":\"HAPPYOGI\",\"alternateName\":\"YOGA - AYURVEDA - MUNZ FLOOR - WUOTAI OSTEO\",\"url\":\"http:\\\/\\\/bindi-ayurveda.fr\\\/\",\"logo\":{\"@type\":\"ImageObject\",\"inLanguage\":\"fr-FR\",\"@id\":\"http:\\\/\\\/bindi-ayurveda.fr\\\/#\\\/schema\\\/logo\\\/image\\\/\",\"url\":\"https:\\\/\\\/bindi-ayurveda.fr\\\/wp-content\\\/uploads\\\/2022\\\/07\\\/cropped-logo-orange-petit-4.png\",\"contentUrl\":\"https:\\\/\\\/bindi-ayurveda.fr\\\/wp-content\\\/uploads\\\/2022\\\/07\\\/cropped-logo-orange-petit-4.png\",\"width\":199,\"height\":116,\"caption\":\"HAPPYOGI\"},\"image\":{\"@id\":\"http:\\\/\\\/bindi-ayurveda.fr\\\/#\\\/schema\\\/logo\\\/image\\\/\"},\"sameAs\":[\"https:\\\/\\\/www.facebook.com\\\/Happyogi-Yoga-Ayurv\u00e9da-252157024823789\\\/\"]}]}<\/script>\n<!-- \/ Yoast SEO plugin. -->","yoast_head_json":{"title":"Cours de YOGA, MUNZ FLOOR et WUO TAI","description":"Cours de Yoga MUNZ FLOOR et WUO TAI collectifs, particuliers, entreprises, associations, s\u00e9jours, retraites pour tous les publics.","robots":{"index":"index","follow":"follow","max-snippet":"max-snippet:-1","max-image-preview":"max-image-preview:large","max-video-preview":"max-video-preview:-1"},"canonical":"https:\/\/bindi-ayurveda.fr\/index.php\/cours-et-tarifs-yoga-munz-wuotai-mont-blanc\/","og_locale":"fr_FR","og_type":"article","og_title":"Cours de YOGA, MUNZ FLOOR et WUO TAI","og_description":"Cours de Yoga MUNZ FLOOR et WUO TAI collectifs, particuliers, entreprises, associations, s\u00e9jours, retraites pour tous les publics.","og_url":"https:\/\/bindi-ayurveda.fr\/index.php\/cours-et-tarifs-yoga-munz-wuotai-mont-blanc\/","og_site_name":"Happyogi","article_publisher":"https:\/\/www.facebook.com\/Happyogi-Yoga-Ayurv%c3%a9da-252157024823789\/","article_modified_time":"2025-12-28T13:02:56+00:00","og_image":[{"width":960,"height":960,"url":"https:\/\/bindi-ayurveda.fr\/wp-content\/uploads\/2022\/03\/20220219_144746.png","type":"image\/png"}],"twitter_card":"summary_large_image","twitter_misc":{"Dur\u00e9e de lecture estim\u00e9e":"2 minutes"},"schema":{"@context":"https:\/\/schema.org","@graph":[{"@type":"WebPage","@id":"https:\/\/bindi-ayurveda.fr\/index.php\/cours-et-tarifs-yoga-munz-wuotai-mont-blanc\/","url":"https:\/\/bindi-ayurveda.fr\/index.php\/cours-et-tarifs-yoga-munz-wuotai-mont-blanc\/","name":"Cours de YOGA, MUNZ FLOOR et WUO TAI","isPartOf":{"@id":"http:\/\/bindi-ayurveda.fr\/#website"},"primaryImageOfPage":{"@id":"https:\/\/bindi-ayurveda.fr\/index.php\/cours-et-tarifs-yoga-munz-wuotai-mont-blanc\/#primaryimage"},"image":{"@id":"https:\/\/bindi-ayurveda.fr\/index.php\/cours-et-tarifs-yoga-munz-wuotai-mont-blanc\/#primaryimage"},"thumbnailUrl":"https:\/\/bindi-ayurveda.fr\/wp-content\/uploads\/2022\/03\/20220219_144746.png","datePublished":"2020-08-24T06:09:00+00:00","dateModified":"2025-12-28T13:02:56+00:00","description":"Cours de Yoga MUNZ FLOOR et WUO TAI collectifs, particuliers, entreprises, associations, s\u00e9jours, retraites pour tous les publics.","breadcrumb":{"@id":"https:\/\/bindi-ayurveda.fr\/index.php\/cours-et-tarifs-yoga-munz-wuotai-mont-blanc\/#breadcrumb"},"inLanguage":"fr-FR","potentialAction":[{"@type":"ReadAction","target":["https:\/\/bindi-ayurveda.fr\/index.php\/cours-et-tarifs-yoga-munz-wuotai-mont-blanc\/"]}]},{"@type":"ImageObject","inLanguage":"fr-FR","@id":"https:\/\/bindi-ayurveda.fr\/index.php\/cours-et-tarifs-yoga-munz-wuotai-mont-blanc\/#primaryimage","url":"https:\/\/bindi-ayurveda.fr\/wp-content\/uploads\/2022\/03\/20220219_144746.png","contentUrl":"https:\/\/bindi-ayurveda.fr\/wp-content\/uploads\/2022\/03\/20220219_144746.png","width":960,"height":960},{"@type":"BreadcrumbList","@id":"https:\/\/bindi-ayurveda.fr\/index.php\/cours-et-tarifs-yoga-munz-wuotai-mont-blanc\/#breadcrumb","itemListElement":[{"@type":"ListItem","position":1,"name":"Accueil","item":"http:\/\/bindi-ayurveda.fr\/"},{"@type":"ListItem","position":2,"name":"Cours et Tarifs"}]},{"@type":"WebSite","@id":"http:\/\/bindi-ayurveda.fr\/#website","url":"http:\/\/bindi-ayurveda.fr\/","name":"Happyogi","description":"YOGA - AYURVEDA - MUNZ FLOOR - WUOTAI OSTEO","publisher":{"@id":"http:\/\/bindi-ayurveda.fr\/#organization"},"alternateName":"YOGA - AYURVEDA - MUNZ FLOOR - WUOTAI OSTEO","potentialAction":[{"@type":"SearchAction","target":{"@type":"EntryPoint","urlTemplate":"http:\/\/bindi-ayurveda.fr\/?s={search_term_string}"},"query-input":{"@type":"PropertyValueSpecification","valueRequired":true,"valueName":"search_term_string"}}],"inLanguage":"fr-FR"},{"@type":"Organization","@id":"http:\/\/bindi-ayurveda.fr\/#organization","name":"HAPPYOGI","alternateName":"YOGA - AYURVEDA - MUNZ FLOOR - WUOTAI OSTEO","url":"http:\/\/bindi-ayurveda.fr\/","logo":{"@type":"ImageObject","inLanguage":"fr-FR","@id":"http:\/\/bindi-ayurveda.fr\/#\/schema\/logo\/image\/","url":"https:\/\/bindi-ayurveda.fr\/wp-content\/uploads\/2022\/07\/cropped-logo-orange-petit-4.png","contentUrl":"https:\/\/bindi-ayurveda.fr\/wp-content\/uploads\/2022\/07\/cropped-logo-orange-petit-4.png","width":199,"height":116,"caption":"HAPPYOGI"},"image":{"@id":"http:\/\/bindi-ayurveda.fr\/#\/schema\/logo\/image\/"},"sameAs":["https:\/\/www.facebook.com\/Happyogi-Yoga-Ayurv\u00e9da-252157024823789\/"]}]}},"_links":{"self":[{"href":"https:\/\/bindi-ayurveda.fr\/index.php\/wp-json\/wp\/v2\/pages\/32","targetHints":{"allow":["GET"]}}],"collection":[{"href":"https:\/\/bindi-ayurveda.fr\/index.php\/wp-json\/wp\/v2\/pages"}],"about":[{"href":"https:\/\/bindi-ayurveda.fr\/index.php\/wp-json\/wp\/v2\/types\/page"}],"author":[{"embeddable":true,"href":"https:\/\/bindi-ayurveda.fr\/index.php\/wp-json\/wp\/v2\/users\/1"}],"replies":[{"embeddable":true,"href":"https:\/\/bindi-ayurveda.fr\/index.php\/wp-json\/wp\/v2\/comments?post=32"}],"version-history":[{"count":160,"href":"https:\/\/bindi-ayurveda.fr\/index.php\/wp-json\/wp\/v2\/pages\/32\/revisions"}],"predecessor-version":[{"id":3523,"href":"https:\/\/bindi-ayurveda.fr\/index.php\/wp-json\/wp\/v2\/pages\/32\/revisions\/3523"}],"wp:featuredmedia":[{"embeddable":true,"href":"https:\/\/bindi-ayurveda.fr\/index.php\/wp-json\/wp\/v2\/media\/1772"}],"wp:attachment":[{"href":"https:\/\/bindi-ayurveda.fr\/index.php\/wp-json\/wp\/v2\/media?parent=32"}],"curies":[{"name":"wp","href":"https:\/\/api.w.org\/{rel}","templated":true}]}}